{"id":3966,"date":"2025-03-04T19:33:53","date_gmt":"2025-03-04T18:33:53","guid":{"rendered":"https:\/\/newwork-coworking.fr\/?post_type=product&#038;p=3966"},"modified":"2025-04-11T15:47:46","modified_gmt":"2025-04-11T13:47:46","slug":"salle-de-reunion-1-2-journee","status":"publish","type":"product","link":"https:\/\/newwork-coworking.fr\/index.php\/produit\/salle-de-reunion-1-2-journee\/","title":{"rendered":"Salle de r\u00e9union 1\/2 Journ\u00e9e"},"content":{"rendered":"<p>Vous avez r\u00e9servez notre salle de r\u00e9union r\u00e9cemment et vous souhaitez r\u00e9gler en ligne ? S\u00e9lectionnez le nombre de demi-journ\u00e9e pass\u00e9 dans l&rsquo;espace.<\/p>\n","protected":false},"excerpt":{"rendered":"<p>Vous avez r\u00e9servez notre salle de r\u00e9union r\u00e9cemment et vous souhaitez r\u00e9gler en ligne ? S\u00e9lectionnez le nombre de demi-journ\u00e9e pass\u00e9 dans l&rsquo;espace.<\/p>\n","protected":false},"featured_media":3031,"template":"","meta":[],"product_brand":[],"product_cat":[29],"product_tag":[],"class_list":{"0":"post-3966","1":"product","2":"type-product","3":"status-publish","4":"has-post-thumbnail","6":"product_cat-espace","8":"first","9":"instock","10":"virtual","11":"taxable","12":"purchasable","13":"product-type-simple"},"aioseo_notices":[],"_links":{"self":[{"href":"https:\/\/newwork-coworking.fr\/index.php\/wp-json\/wp\/v2\/product\/3966","targetHints":{"allow":["GET"]}}],"collection":[{"href":"https:\/\/newwork-coworking.fr\/index.php\/wp-json\/wp\/v2\/product"}],"about":[{"href":"https:\/\/newwork-coworking.fr\/index.php\/wp-json\/wp\/v2\/types\/product"}],"wp:featuredmedia":[{"embeddable":true,"href":"https:\/\/newwork-coworking.fr\/index.php\/wp-json\/wp\/v2\/media\/3031"}],"wp:attachment":[{"href":"https:\/\/newwork-coworking.fr\/index.php\/wp-json\/wp\/v2\/media?parent=3966"}],"wp:term":[{"taxonomy":"product_brand","embeddable":true,"href":"https:\/\/newwork-coworking.fr\/index.php\/wp-json\/wp\/v2\/product_brand?post=3966"},{"taxonomy":"product_cat","embeddable":true,"href":"https:\/\/newwork-coworking.fr\/index.php\/wp-json\/wp\/v2\/product_cat?post=3966"},{"taxonomy":"product_tag","embeddable":true,"href":"https:\/\/newwork-coworking.fr\/index.php\/wp-json\/wp\/v2\/product_tag?post=3966"}],"curies":[{"name":"wp","href":"https:\/\/api.w.org\/{rel}","templated":true}]}}